{"id":63,"date":"2023-02-28T13:40:28","date_gmt":"2023-02-28T18:40:28","guid":{"rendered":"https:\/\/cumbrealtafutbolcamp.com\/?page_id=63"},"modified":"2024-03-06T15:58:18","modified_gmt":"2024-03-06T20:58:18","slug":"about","status":"publish","type":"page","link":"https:\/\/cumbrealtafutbolcamp.com\/es\/about\/","title":{"rendered":"Sobre Nosotros"},"content":{"rendered":"<div data-elementor-type=\"wp-page\" data-elementor-id=\"63\" class=\"elementor elementor-63\">\n\t\t\t\t\t\t<section class=\"elementor-section elementor-top-section elementor-element elementor-element-319f73f elementor-section-boxed elementor-section-height-default elementor-section-height-default\" data-id=\"319f73f\" data-element_type=\"section\" data-e-type=\"section\">\n\t\t\t\t\t\t<div class=\"elementor-container elementor-column-gap-default\">\n\t\t\t\t\t<div class=\"elementor-column elementor-col-100 elementor-top-column elementor-element elementor-element-4234d43\" data-id=\"4234d43\" data-element_type=\"column\" data-e-type=\"column\">\n\t\t\t<div class=\"elementor-widget-wrap elementor-element-populated\">\n\t\t\t\t\t\t<div class=\"elementor-element elementor-element-bcff7b9 elementor-widget elementor-widget-heading\" data-id=\"bcff7b9\" data-element_type=\"widget\" data-e-type=\"widget\" data-widget_type=\"heading.default\">\n\t\t\t\t<div class=\"elementor-widget-container\">\n\t\t\t\t\t<h2 class=\"elementor-heading-title elementor-size-default\">Sobre Nosotros<\/h2>\t\t\t\t<\/div>\n\t\t\t\t<\/div>\n\t\t\t\t<div class=\"elementor-element elementor-element-504dead elementor-widget elementor-widget-text-editor\" data-id=\"504dead\" data-element_type=\"widget\" data-e-type=\"widget\" data-widget_type=\"text-editor.default\">\n\t\t\t\t<div class=\"elementor-widget-container\">\n\t\t\t\t\t\t\t\t\t<p>QUIENES SOMOS<\/p>\t\t\t\t\t\t\t\t<\/div>\n\t\t\t\t<\/div>\n\t\t\t\t<div class=\"elementor-element elementor-element-f93bf86 elementor-widget elementor-widget-text-editor\" data-id=\"f93bf86\" data-element_type=\"widget\" data-e-type=\"widget\" data-widget_type=\"text-editor.default\">\n\t\t\t\t<div class=\"elementor-widget-container\">\n\t\t\t\t\t\t\t\t\t<p>Casa Deportiva Cumbre Alta es un club de f\u00fatbol profesional con sede en Quito, Ecuador. Existimos para tener un impacto generacional en nuestros jugadores y sus familias, adoptando un enfoque hol\u00edstico para mejorar su salud f\u00edsica, emocional y espiritual. Tenemos m\u00e1s de 250 jugadores en los programas de nuestro club, que incluyen una academia masculina, femenina y juvenil.<\/p>\t\t\t\t\t\t\t\t<\/div>\n\t\t\t\t<\/div>\n\t\t\t\t<div class=\"elementor-element elementor-element-0bb7f8f elementor-widget elementor-widget-text-editor\" data-id=\"0bb7f8f\" data-element_type=\"widget\" data-e-type=\"widget\" data-widget_type=\"text-editor.default\">\n\t\t\t\t<div class=\"elementor-widget-container\">\n\t\t\t\t\t\t\t\t\t<p>Declaraci\u00f3n de Misi\u00f3n<\/p>\t\t\t\t\t\t\t\t<\/div>\n\t\t\t\t<\/div>\n\t\t\t\t<div class=\"elementor-element elementor-element-5b588da elementor-widget elementor-widget-text-editor\" data-id=\"5b588da\" data-element_type=\"widget\" data-e-type=\"widget\" data-widget_type=\"text-editor.default\">\n\t\t\t\t<div class=\"elementor-widget-container\">\n\t\t\t\t\t\t\t\t\t<p>A trav\u00e9s del f\u00fatbol, nuestro objetivo es involucrar a la poblaci\u00f3n latinoamericana en los Estados Unidos y conectarlos con la comunidad en general para impactar a los jugadores y la comunidad m\u00e1s all\u00e1 del juego.<\/p>\t\t\t\t\t\t\t\t<\/div>\n\t\t\t\t<\/div>\n\t\t\t\t<div class=\"elementor-element elementor-element-e32f21c elementor-widget elementor-widget-text-editor\" data-id=\"e32f21c\" data-element_type=\"widget\" data-e-type=\"widget\" data-widget_type=\"text-editor.default\">\n\t\t\t\t<div class=\"elementor-widget-container\">\n\t\t\t\t\t\t\t\t\t<p>LO QUE ESTAMOS HACIENDO A TRAV\u00c9S DE LOS CAMPAMENTOS DE F\u00daTBOL EN EE.UU.<\/p>\t\t\t\t\t\t\t\t<\/div>\n\t\t\t\t<\/div>\n\t\t\t\t<div class=\"elementor-element elementor-element-d879ffa elementor-widget elementor-widget-text-editor\" data-id=\"d879ffa\" data-element_type=\"widget\" data-e-type=\"widget\" data-widget_type=\"text-editor.default\">\n\t\t\t\t<div class=\"elementor-widget-container\">\n\t\t\t\t\t\t\t\t\t<p>Estamos organizando una serie de campamentos de f\u00fatbol biling\u00fces para j\u00f3venes en todo Estados Unidos, a cargo de nuestro club, Casa Deportiva Cumbre Alta, de Quito (Ecuador). El equipo est\u00e1 formado por nuestros futbolistas y entrenadores profesionales.<\/p><p>Queremos brindar una experiencia de campamento de f\u00fatbol de calidad profesional a aquellos que no puedan acceder a una oportunidad como esta. Para que esto suceda, queremos trabajar junto con patrocinadores corporativos, organizaciones locales, escuelas, iglesias y miembros de la comunidad. Nuestra esperanza es que a trav\u00e9s del f\u00fatbol, podamos conectar a las personas con quienes las rodean y hacer de la comunidad un lugar mejor.<\/p><p><span style=\"font-weight: 400;\">No solo nos centramos en el desarrollo individual de los jugadores, sino que tambi\u00e9n les ense\u00f1amos valiosas habilidades de liderazgo para prepararlos para que marquen la diferencia tanto dentro como fuera del campo.<\/span><\/p>\t\t\t\t\t\t\t\t<\/div>\n\t\t\t\t<\/div>\n\t\t\t\t<div class=\"elementor-element elementor-element-284a77d elementor-widget-divider--view-line_icon elementor-view-stacked elementor-widget-divider--element-align-center elementor-widget elementor-widget-divider\" data-id=\"284a77d\" data-element_type=\"widget\" data-e-type=\"widget\" data-widget_type=\"divider.default\">\n\t\t\t\t<div class=\"elementor-widget-container\">\n\t\t\t\t\t\t\t<div class=\"elementor-divider\">\n\t\t\t<span class=\"elementor-divider-separator\">\n\t\t\t\t\t\t\t<div class=\"elementor-icon elementor-divider__element\">\n\t\t\t\t\t<i aria-hidden=\"true\" class=\"fas fa-futbol\"><\/i><\/div>\n\t\t\t\t\t\t<\/span>\n\t\t<\/div>\n\t\t\t\t\t\t<\/div>\n\t\t\t\t<\/div>\n\t\t\t\t\t<\/div>\n\t\t<\/div>\n\t\t\t\t\t<\/div>\n\t\t<\/section>\n\t\t\t\t<section class=\"elementor-section elementor-top-section elementor-element elementor-element-3ac0e5e elementor-section-boxed elementor-section-height-default elementor-section-height-default\" data-id=\"3ac0e5e\" data-element_type=\"section\" data-e-type=\"section\">\n\t\t\t\t\t\t<div class=\"elementor-container elementor-column-gap-default\">\n\t\t\t\t\t<div class=\"elementor-column elementor-col-50 elementor-top-column elementor-element elementor-element-4fd9319\" data-id=\"4fd9319\" data-element_type=\"column\" data-e-type=\"column\">\n\t\t\t<div class=\"elementor-widget-wrap elementor-element-populated\">\n\t\t\t\t\t\t<div class=\"elementor-element elementor-element-41cdbc2 elementor-widget elementor-widget-image\" data-id=\"41cdbc2\" data-element_type=\"widget\" data-e-type=\"widget\" data-widget_type=\"image.default\">\n\t\t\t\t<div class=\"elementor-widget-container\">\n\t\t\t\t\t\t\t\t\t\t\t\t\t\t\t\t<a href=\"https:\/\/www.incalink.org\/\">\n\t\t\t\t\t\t\t<img fetchpriority=\"high\" decoding=\"async\" width=\"768\" height=\"768\" src=\"https:\/\/cumbrealtafutbolcamp.com\/wp-content\/uploads\/2023\/03\/ILI-Logo-768x768.png\" class=\"attachment-medium_large size-medium_large wp-image-356\" alt=\"\" srcset=\"https:\/\/cumbrealtafutbolcamp.com\/wp-content\/uploads\/2023\/03\/ILI-Logo-768x768.png 768w, https:\/\/cumbrealtafutbolcamp.com\/wp-content\/uploads\/2023\/03\/ILI-Logo-300x300.png 300w, https:\/\/cumbrealtafutbolcamp.com\/wp-content\/uploads\/2023\/03\/ILI-Logo-1024x1024.png 1024w, https:\/\/cumbrealtafutbolcamp.com\/wp-content\/uploads\/2023\/03\/ILI-Logo-150x150.png 150w, https:\/\/cumbrealtafutbolcamp.com\/wp-content\/uploads\/2023\/03\/ILI-Logo-1536x1536.png 1536w, https:\/\/cumbrealtafutbolcamp.com\/wp-content\/uploads\/2023\/03\/ILI-Logo-2048x2048.png 2048w, https:\/\/cumbrealtafutbolcamp.com\/wp-content\/uploads\/2023\/03\/ILI-Logo-12x12.png 12w\" sizes=\"(max-width: 768px) 100vw, 768px\" \/>\t\t\t\t\t\t\t\t<\/a>\n\t\t\t\t\t\t\t\t\t\t\t\t\t\t\t<\/div>\n\t\t\t\t<\/div>\n\t\t\t\t\t<\/div>\n\t\t<\/div>\n\t\t\t\t<div class=\"elementor-column elementor-col-50 elementor-top-column elementor-element elementor-element-d43b7b9\" data-id=\"d43b7b9\" data-element_type=\"column\" data-e-type=\"column\">\n\t\t\t<div class=\"elementor-widget-wrap elementor-element-populated\">\n\t\t\t\t\t\t<div class=\"elementor-element elementor-element-735267b elementor-widget elementor-widget-text-editor\" data-id=\"735267b\" data-element_type=\"widget\" data-e-type=\"widget\" data-widget_type=\"text-editor.default\">\n\t\t\t\t<div class=\"elementor-widget-container\">\n\t\t\t\t\t\t\t\t\t<p>Casa Deportiva Cumbre Alta es parte de una organizaci\u00f3n sin fines de lucro 501(c)(3) con sede en EE. UU. llamada Inca Link International. Inca Link International opera en toda Am\u00e9rica Latina con la misi\u00f3n de llegar a los 300 millones de j\u00f3venes de Am\u00e9rica Latina. Involucran a las comunidades con el amor de Dios a trav\u00e9s de ministerios de compasi\u00f3n, capacitaci\u00f3n en liderazgo y discipulado, as\u00ed como otras iniciativas sociales y paraeclesi\u00e1sticas.\u00a0<\/p><p><span style=\"color: var( --e-global-color-text ); font-family: var( --e-global-typography-text-font-family ), Sans-serif; font-size: var( --e-global-typography-text-font-size ); font-weight: var( --e-global-typography-text-font-weight );\">\u00a1Visite el sitio web de Inca Link para obtener m\u00e1s informaci\u00f3n sobre lo que est\u00e1n haciendo en todo el mundo!<\/span><\/p>\t\t\t\t\t\t\t\t<\/div>\n\t\t\t\t<\/div>\n\t\t\t\t<div class=\"elementor-element elementor-element-42be2b1 elementor-align-left elementor-widget elementor-widget-button\" data-id=\"42be2b1\" data-element_type=\"widget\" data-e-type=\"widget\" data-widget_type=\"button.default\">\n\t\t\t\t<div class=\"elementor-widget-container\">\n\t\t\t\t\t\t\t\t\t<div class=\"elementor-button-wrapper\">\n\t\t\t\t\t<a class=\"elementor-button elementor-button-link elementor-size-sm\" href=\"https:\/\/www.incalink.org\/es\/\" id=\"more-info\">\n\t\t\t\t\t\t<span class=\"elementor-button-content-wrapper\">\n\t\t\t\t\t\t\t\t\t<span class=\"elementor-button-text\">Aprende M\u00e1s Sobre Inca Link International<\/span>\n\t\t\t\t\t<\/span>\n\t\t\t\t\t<\/a>\n\t\t\t\t<\/div>\n\t\t\t\t\t\t\t\t<\/div>\n\t\t\t\t<\/div>\n\t\t\t\t\t<\/div>\n\t\t<\/div>\n\t\t\t\t\t<\/div>\n\t\t<\/section>\n\t\t\t\t<\/div>","protected":false},"excerpt":{"rendered":"<p>About Us WHO WE ARE Casa Deportiva Cumbre Alta is a professional soccer club based in Quito, Ecuador. We exist to have a generational impact on our players and their families, taking a holistic approach to improve their physical, emotional, and spiritual health. We have over 250 players throughout our club programs, which include a [&hellip;]<\/p>\n","protected":false},"author":1,"featured_media":21,"parent":0,"menu_order":0,"comment_status":"closed","ping_status":"closed","template":"elementor_header_footer","meta":{"nf_dc_page":"","om_disable_all_campaigns":false,"_monsterinsights_skip_tracking":false,"_monsterinsights_sitenote_active":false,"_monsterinsights_sitenote_note":"","_monsterinsights_sitenote_category":0,"footnotes":""},"class_list":["post-63","page","type-page","status-publish","has-post-thumbnail","hentry"],"yoast_head":"<!-- This site is optimized with the Yoast SEO plugin v27.6 - https:\/\/yoast.com\/product\/yoast-seo-wordpress\/ -->\n<title>About Us | Cumbre Alta Futbol Camp<\/title>\n<meta name=\"description\" content=\"Casa Deportiva Cumbre Alta is a professional soccer club based in Quito, Ecuador.\" \/>\n<meta name=\"robots\" content=\"index, follow, max-snippet:-1, max-image-preview:large, max-video-preview:-1\" \/>\n<link rel=\"canonical\" href=\"https:\/\/cumbrealtafutbolcamp.com\/es\/about\/\" \/>\n<meta property=\"og:locale\" content=\"es_ES\" \/>\n<meta property=\"og:type\" content=\"article\" \/>\n<meta property=\"og:title\" content=\"About Us\" \/>\n<meta property=\"og:description\" content=\"Casa Deportiva Cumbre Alta is a professional soccer club based in Quito, Ecuador.\" \/>\n<meta property=\"og:url\" content=\"https:\/\/cumbrealtafutbolcamp.com\/es\/about\/\" \/>\n<meta property=\"og:site_name\" content=\"Cumbre Alta Futbol Camp\" \/>\n<meta property=\"article:publisher\" content=\"https:\/\/www.facebook.com\/cdcumbrealta\/\" \/>\n<meta property=\"article:modified_time\" content=\"2024-03-06T20:58:18+00:00\" \/>\n<meta property=\"og:image\" content=\"https:\/\/cumbrealtafutbolcamp.com\/wp-content\/uploads\/2023\/02\/CDCA-Icon.png\" \/>\n\t<meta property=\"og:image:width\" content=\"817\" \/>\n\t<meta property=\"og:image:height\" content=\"817\" \/>\n\t<meta property=\"og:image:type\" content=\"image\/png\" \/>\n<meta name=\"twitter:card\" content=\"summary_large_image\" \/>\n<meta name=\"twitter:title\" content=\"About Us\" \/>\n<meta name=\"twitter:description\" content=\"Casa Deportiva Cumbre Alta is a professional soccer club based in Quito, Ecuador.\" \/>\n<meta name=\"twitter:image\" content=\"https:\/\/cumbrealtafutbolcamp.com\/wp-content\/uploads\/2023\/02\/CDCA-Icon.png\" \/>\n<meta name=\"twitter:site\" content=\"@cdcumbrealta\" \/>\n<meta name=\"twitter:label1\" content=\"Tiempo de lectura\" \/>\n\t<meta name=\"twitter:data1\" content=\"2 minutos\" \/>\n<script type=\"application\/ld+json\" class=\"yoast-schema-graph\">{\"@context\":\"https:\\\/\\\/schema.org\",\"@graph\":[{\"@type\":\"WebPage\",\"@id\":\"https:\\\/\\\/cumbrealtafutbolcamp.com\\\/about\\\/\",\"url\":\"https:\\\/\\\/cumbrealtafutbolcamp.com\\\/about\\\/\",\"name\":\"About Us | Cumbre Alta Futbol Camp\",\"isPartOf\":{\"@id\":\"https:\\\/\\\/cumbrealtafutbolcamp.com\\\/#website\"},\"primaryImageOfPage\":{\"@id\":\"https:\\\/\\\/cumbrealtafutbolcamp.com\\\/about\\\/#primaryimage\"},\"image\":{\"@id\":\"https:\\\/\\\/cumbrealtafutbolcamp.com\\\/about\\\/#primaryimage\"},\"thumbnailUrl\":\"https:\\\/\\\/cumbrealtafutbolcamp.com\\\/wp-content\\\/uploads\\\/2023\\\/02\\\/CDCA-Icon.png\",\"datePublished\":\"2023-02-28T18:40:28+00:00\",\"dateModified\":\"2024-03-06T20:58:18+00:00\",\"description\":\"Casa Deportiva Cumbre Alta is a professional soccer club based in Quito, Ecuador.\",\"breadcrumb\":{\"@id\":\"https:\\\/\\\/cumbrealtafutbolcamp.com\\\/about\\\/#breadcrumb\"},\"inLanguage\":\"es\",\"potentialAction\":[{\"@type\":\"ReadAction\",\"target\":[\"https:\\\/\\\/cumbrealtafutbolcamp.com\\\/about\\\/\"]}]},{\"@type\":\"ImageObject\",\"inLanguage\":\"es\",\"@id\":\"https:\\\/\\\/cumbrealtafutbolcamp.com\\\/about\\\/#primaryimage\",\"url\":\"https:\\\/\\\/cumbrealtafutbolcamp.com\\\/wp-content\\\/uploads\\\/2023\\\/02\\\/CDCA-Icon.png\",\"contentUrl\":\"https:\\\/\\\/cumbrealtafutbolcamp.com\\\/wp-content\\\/uploads\\\/2023\\\/02\\\/CDCA-Icon.png\",\"width\":817,\"height\":817},{\"@type\":\"BreadcrumbList\",\"@id\":\"https:\\\/\\\/cumbrealtafutbolcamp.com\\\/about\\\/#breadcrumb\",\"itemListElement\":[{\"@type\":\"ListItem\",\"position\":1,\"name\":\"Home\",\"item\":\"https:\\\/\\\/cumbrealtafutbolcamp.com\\\/\"},{\"@type\":\"ListItem\",\"position\":2,\"name\":\"About Us\"}]},{\"@type\":\"WebSite\",\"@id\":\"https:\\\/\\\/cumbrealtafutbolcamp.com\\\/#website\",\"url\":\"https:\\\/\\\/cumbrealtafutbolcamp.com\\\/\",\"name\":\"Cumbre Alta Futbol Camp\",\"description\":\"Come and join us for a fun filled week of soccer where you get to improve your game and play alongside professionals. Boys and girls are welcome! No previous experience necessary.\",\"publisher\":{\"@id\":\"https:\\\/\\\/cumbrealtafutbolcamp.com\\\/#organization\"},\"potentialAction\":[{\"@type\":\"SearchAction\",\"target\":{\"@type\":\"EntryPoint\",\"urlTemplate\":\"https:\\\/\\\/cumbrealtafutbolcamp.com\\\/?s={search_term_string}\"},\"query-input\":{\"@type\":\"PropertyValueSpecification\",\"valueRequired\":true,\"valueName\":\"search_term_string\"}}],\"inLanguage\":\"es\"},{\"@type\":\"Organization\",\"@id\":\"https:\\\/\\\/cumbrealtafutbolcamp.com\\\/#organization\",\"name\":\"Cumbre Alta\",\"url\":\"https:\\\/\\\/cumbrealtafutbolcamp.com\\\/\",\"logo\":{\"@type\":\"ImageObject\",\"inLanguage\":\"es\",\"@id\":\"https:\\\/\\\/cumbrealtafutbolcamp.com\\\/#\\\/schema\\\/logo\\\/image\\\/\",\"url\":\"https:\\\/\\\/cumbrealtafutbolcamp.com\\\/wp-content\\\/uploads\\\/2023\\\/02\\\/CDCA-Icon.png\",\"contentUrl\":\"https:\\\/\\\/cumbrealtafutbolcamp.com\\\/wp-content\\\/uploads\\\/2023\\\/02\\\/CDCA-Icon.png\",\"width\":817,\"height\":817,\"caption\":\"Cumbre Alta\"},\"image\":{\"@id\":\"https:\\\/\\\/cumbrealtafutbolcamp.com\\\/#\\\/schema\\\/logo\\\/image\\\/\"},\"sameAs\":[\"https:\\\/\\\/www.facebook.com\\\/cdcumbrealta\\\/\",\"https:\\\/\\\/x.com\\\/cdcumbrealta\"]}]}<\/script>\n<!-- \/ Yoast SEO plugin. -->","yoast_head_json":{"title":"About Us | Cumbre Alta Futbol Camp","description":"Casa Deportiva Cumbre Alta is a professional soccer club based in Quito, Ecuador.","robots":{"index":"index","follow":"follow","max-snippet":"max-snippet:-1","max-image-preview":"max-image-preview:large","max-video-preview":"max-video-preview:-1"},"canonical":"https:\/\/cumbrealtafutbolcamp.com\/es\/about\/","og_locale":"es_ES","og_type":"article","og_title":"About Us","og_description":"Casa Deportiva Cumbre Alta is a professional soccer club based in Quito, Ecuador.","og_url":"https:\/\/cumbrealtafutbolcamp.com\/es\/about\/","og_site_name":"Cumbre Alta Futbol Camp","article_publisher":"https:\/\/www.facebook.com\/cdcumbrealta\/","article_modified_time":"2024-03-06T20:58:18+00:00","og_image":[{"width":817,"height":817,"url":"https:\/\/cumbrealtafutbolcamp.com\/wp-content\/uploads\/2023\/02\/CDCA-Icon.png","type":"image\/png"}],"twitter_card":"summary_large_image","twitter_title":"About Us","twitter_description":"Casa Deportiva Cumbre Alta is a professional soccer club based in Quito, Ecuador.","twitter_image":"https:\/\/cumbrealtafutbolcamp.com\/wp-content\/uploads\/2023\/02\/CDCA-Icon.png","twitter_site":"@cdcumbrealta","twitter_misc":{"Tiempo de lectura":"2 minutos"},"schema":{"@context":"https:\/\/schema.org","@graph":[{"@type":"WebPage","@id":"https:\/\/cumbrealtafutbolcamp.com\/about\/","url":"https:\/\/cumbrealtafutbolcamp.com\/about\/","name":"About Us | Cumbre Alta Futbol Camp","isPartOf":{"@id":"https:\/\/cumbrealtafutbolcamp.com\/#website"},"primaryImageOfPage":{"@id":"https:\/\/cumbrealtafutbolcamp.com\/about\/#primaryimage"},"image":{"@id":"https:\/\/cumbrealtafutbolcamp.com\/about\/#primaryimage"},"thumbnailUrl":"https:\/\/cumbrealtafutbolcamp.com\/wp-content\/uploads\/2023\/02\/CDCA-Icon.png","datePublished":"2023-02-28T18:40:28+00:00","dateModified":"2024-03-06T20:58:18+00:00","description":"Casa Deportiva Cumbre Alta is a professional soccer club based in Quito, Ecuador.","breadcrumb":{"@id":"https:\/\/cumbrealtafutbolcamp.com\/about\/#breadcrumb"},"inLanguage":"es","potentialAction":[{"@type":"ReadAction","target":["https:\/\/cumbrealtafutbolcamp.com\/about\/"]}]},{"@type":"ImageObject","inLanguage":"es","@id":"https:\/\/cumbrealtafutbolcamp.com\/about\/#primaryimage","url":"https:\/\/cumbrealtafutbolcamp.com\/wp-content\/uploads\/2023\/02\/CDCA-Icon.png","contentUrl":"https:\/\/cumbrealtafutbolcamp.com\/wp-content\/uploads\/2023\/02\/CDCA-Icon.png","width":817,"height":817},{"@type":"BreadcrumbList","@id":"https:\/\/cumbrealtafutbolcamp.com\/about\/#breadcrumb","itemListElement":[{"@type":"ListItem","position":1,"name":"Home","item":"https:\/\/cumbrealtafutbolcamp.com\/"},{"@type":"ListItem","position":2,"name":"About Us"}]},{"@type":"WebSite","@id":"https:\/\/cumbrealtafutbolcamp.com\/#website","url":"https:\/\/cumbrealtafutbolcamp.com\/","name":"Cumbre Alta Futbol Camp","description":"Come and join us for a fun filled week of soccer where you get to improve your game and play alongside professionals. Boys and girls are welcome! No previous experience necessary.","publisher":{"@id":"https:\/\/cumbrealtafutbolcamp.com\/#organization"},"potentialAction":[{"@type":"SearchAction","target":{"@type":"EntryPoint","urlTemplate":"https:\/\/cumbrealtafutbolcamp.com\/?s={search_term_string}"},"query-input":{"@type":"PropertyValueSpecification","valueRequired":true,"valueName":"search_term_string"}}],"inLanguage":"es"},{"@type":"Organization","@id":"https:\/\/cumbrealtafutbolcamp.com\/#organization","name":"Cumbre Alta","url":"https:\/\/cumbrealtafutbolcamp.com\/","logo":{"@type":"ImageObject","inLanguage":"es","@id":"https:\/\/cumbrealtafutbolcamp.com\/#\/schema\/logo\/image\/","url":"https:\/\/cumbrealtafutbolcamp.com\/wp-content\/uploads\/2023\/02\/CDCA-Icon.png","contentUrl":"https:\/\/cumbrealtafutbolcamp.com\/wp-content\/uploads\/2023\/02\/CDCA-Icon.png","width":817,"height":817,"caption":"Cumbre Alta"},"image":{"@id":"https:\/\/cumbrealtafutbolcamp.com\/#\/schema\/logo\/image\/"},"sameAs":["https:\/\/www.facebook.com\/cdcumbrealta\/","https:\/\/x.com\/cdcumbrealta"]}]}},"_links":{"self":[{"href":"https:\/\/cumbrealtafutbolcamp.com\/es\/wp-json\/wp\/v2\/pages\/63","targetHints":{"allow":["GET"]}}],"collection":[{"href":"https:\/\/cumbrealtafutbolcamp.com\/es\/wp-json\/wp\/v2\/pages"}],"about":[{"href":"https:\/\/cumbrealtafutbolcamp.com\/es\/wp-json\/wp\/v2\/types\/page"}],"author":[{"embeddable":true,"href":"https:\/\/cumbrealtafutbolcamp.com\/es\/wp-json\/wp\/v2\/users\/1"}],"replies":[{"embeddable":true,"href":"https:\/\/cumbrealtafutbolcamp.com\/es\/wp-json\/wp\/v2\/comments?post=63"}],"version-history":[{"count":5,"href":"https:\/\/cumbrealtafutbolcamp.com\/es\/wp-json\/wp\/v2\/pages\/63\/revisions"}],"predecessor-version":[{"id":930,"href":"https:\/\/cumbrealtafutbolcamp.com\/es\/wp-json\/wp\/v2\/pages\/63\/revisions\/930"}],"wp:featuredmedia":[{"embeddable":true,"href":"https:\/\/cumbrealtafutbolcamp.com\/es\/wp-json\/wp\/v2\/media\/21"}],"wp:attachment":[{"href":"https:\/\/cumbrealtafutbolcamp.com\/es\/wp-json\/wp\/v2\/media?parent=63"}],"curies":[{"name":"wp","href":"https:\/\/api.w.org\/{rel}","templated":true}]}}