{"id":65,"date":"2023-02-28T13:40:38","date_gmt":"2023-02-28T18:40:38","guid":{"rendered":"https:\/\/cumbrealtafutbolcamp.com\/?page_id=65"},"modified":"2026-04-13T11:55:24","modified_gmt":"2026-04-13T15:55:24","slug":"camps","status":"publish","type":"page","link":"https:\/\/cumbrealtafutbolcamp.com\/es\/camps\/","title":{"rendered":"Campamentos"},"content":{"rendered":"<div data-elementor-type=\"wp-page\" data-elementor-id=\"65\" class=\"elementor elementor-65\">\n\t\t\t\t\t\t<section class=\"elementor-section elementor-top-section elementor-element elementor-element-0bfe459 elementor-section-boxed elementor-section-height-default elementor-section-height-default\" data-id=\"0bfe459\" data-element_type=\"section\" data-e-type=\"section\">\n\t\t\t\t\t\t<div class=\"elementor-container elementor-column-gap-default\">\n\t\t\t\t\t<div class=\"elementor-column elementor-col-100 elementor-top-column elementor-element elementor-element-96df46d\" data-id=\"96df46d\" data-element_type=\"column\" data-e-type=\"column\">\n\t\t\t<div class=\"elementor-widget-wrap elementor-element-populated\">\n\t\t\t\t\t\t<div class=\"elementor-element elementor-element-970f961 elementor-widget elementor-widget-heading\" data-id=\"970f961\" data-element_type=\"widget\" data-e-type=\"widget\" data-widget_type=\"heading.default\">\n\t\t\t\t<div class=\"elementor-widget-container\">\n\t\t\t\t\t<h2 class=\"elementor-heading-title elementor-size-default\">CAMPAMENTOS<\/h2>\t\t\t\t<\/div>\n\t\t\t\t<\/div>\n\t\t\t\t<div class=\"elementor-element elementor-element-d152769 elementor-widget elementor-widget-text-editor\" data-id=\"d152769\" data-element_type=\"widget\" data-e-type=\"widget\" data-widget_type=\"text-editor.default\">\n\t\t\t\t<div class=\"elementor-widget-container\">\n\t\t\t\t\t\t\t\t\t<p>Casa Deportiva Cumbre Alta, un club de f\u00fatbol profesional ecuatoriano, organiza campamentos de f\u00fatbol juvenil en los Estados Unidos. Ven y \u00fanete a nosotros para una semana de f\u00fatbol llena de diversi\u00f3n donde puedes mejorar tu juego, jugar junto a profesionales y aprender valiosas habilidades de liderazgo. \u00a1Ni\u00f1os y ni\u00f1as son bienvenidos! No es necesario tener experiencia previa.<\/p>\t\t\t\t\t\t\t\t<\/div>\n\t\t\t\t<\/div>\n\t\t\t\t\t<\/div>\n\t\t<\/div>\n\t\t\t\t\t<\/div>\n\t\t<\/section>\n\t\t\t\t<section class=\"elementor-section elementor-top-section elementor-element elementor-element-f71d378 elementor-hidden-desktop elementor-hidden-tablet elementor-hidden-mobile elementor-section-boxed elementor-section-height-default elementor-section-height-default\" data-id=\"f71d378\" data-element_type=\"section\" data-e-type=\"section\">\n\t\t\t\t\t\t<div class=\"elementor-container elementor-column-gap-default\">\n\t\t\t\t\t<div class=\"elementor-column elementor-col-100 elementor-top-column elementor-element elementor-element-0204c68\" data-id=\"0204c68\" data-element_type=\"column\" data-e-type=\"column\">\n\t\t\t<div class=\"elementor-widget-wrap elementor-element-populated\">\n\t\t\t\t\t\t<div class=\"elementor-element elementor-element-e141358 elementor-widget elementor-widget-text-editor\" data-id=\"e141358\" data-element_type=\"widget\" data-e-type=\"widget\" data-widget_type=\"text-editor.default\">\n\t\t\t\t<div class=\"elementor-widget-container\">\n\t\t\t\t\t\t\t\t\t<p>\u00a1Gracias por otro gran a\u00f1o de campamentos! Vuelve en la primavera de 2026 para conocer los detalles de la pr\u00f3xima temporada.<\/p>\t\t\t\t\t\t\t\t<\/div>\n\t\t\t\t<\/div>\n\t\t\t\t\t<\/div>\n\t\t<\/div>\n\t\t\t\t\t<\/div>\n\t\t<\/section>\n\t\t\t\t<section class=\"elementor-section elementor-top-section elementor-element elementor-element-1e95238 elementor-section-boxed elementor-section-height-default elementor-section-height-default\" data-id=\"1e95238\" data-element_type=\"section\" data-e-type=\"section\">\n\t\t\t\t\t\t<div class=\"elementor-container elementor-column-gap-default\">\n\t\t\t\t\t<div class=\"elementor-column elementor-col-100 elementor-top-column elementor-element elementor-element-a27e28b\" data-id=\"a27e28b\" data-element_type=\"column\" data-e-type=\"column\" data-settings=\"{&quot;background_background&quot;:&quot;classic&quot;}\">\n\t\t\t<div class=\"elementor-widget-wrap elementor-element-populated\">\n\t\t\t\t\t<div class=\"elementor-background-overlay\"><\/div>\n\t\t\t\t\t\t<div class=\"elementor-element elementor-element-e278b8b elementor-widget elementor-widget-heading\" data-id=\"e278b8b\" data-element_type=\"widget\" data-e-type=\"widget\" data-widget_type=\"heading.default\">\n\t\t\t\t<div class=\"elementor-widget-container\">\n\t\t\t\t\t<h2 class=\"elementor-heading-title elementor-size-default\">SHREVEPORT, LOUISIANA<\/h2>\t\t\t\t<\/div>\n\t\t\t\t<\/div>\n\t\t\t\t<div class=\"elementor-element elementor-element-704e126 elementor-widget elementor-widget-heading\" data-id=\"704e126\" data-element_type=\"widget\" data-e-type=\"widget\" data-widget_type=\"heading.default\">\n\t\t\t\t<div class=\"elementor-widget-container\">\n\t\t\t\t\t<h2 class=\"elementor-heading-title elementor-size-default\">15-18 DE JUNIO, 2026<\/h2>\t\t\t\t<\/div>\n\t\t\t\t<\/div>\n\t\t\t\t<div class=\"elementor-element elementor-element-c0d458a elementor-align-center elementor-widget elementor-widget-button\" data-id=\"c0d458a\" data-element_type=\"widget\" data-e-type=\"widget\" data-widget_type=\"button.default\">\n\t\t\t\t<div class=\"elementor-widget-container\">\n\t\t\t\t\t\t\t\t\t<div class=\"elementor-button-wrapper\">\n\t\t\t\t\t<a class=\"elementor-button elementor-button-link elementor-size-sm\" href=\"https:\/\/cumbrealtafutbolcamp.com\/es\/camps\/shreveport-louisiana\/\" id=\"more-info\">\n\t\t\t\t\t\t<span class=\"elementor-button-content-wrapper\">\n\t\t\t\t\t\t\t\t\t<span class=\"elementor-button-text\">Aprende M\u00e1s<\/span>\n\t\t\t\t\t<\/span>\n\t\t\t\t\t<\/a>\n\t\t\t\t<\/div>\n\t\t\t\t\t\t\t\t<\/div>\n\t\t\t\t<\/div>\n\t\t\t\t\t<\/div>\n\t\t<\/div>\n\t\t\t\t\t<\/div>\n\t\t<\/section>\n\t\t\t\t<section class=\"elementor-section elementor-top-section elementor-element elementor-element-e68929b elementor-section-boxed elementor-section-height-default elementor-section-height-default\" data-id=\"e68929b\" data-element_type=\"section\" data-e-type=\"section\">\n\t\t\t\t\t\t<div class=\"elementor-container elementor-column-gap-default\">\n\t\t\t\t\t<div class=\"elementor-column elementor-col-100 elementor-top-column elementor-element elementor-element-e2821ff\" data-id=\"e2821ff\" data-element_type=\"column\" data-e-type=\"column\" data-settings=\"{&quot;background_background&quot;:&quot;classic&quot;}\">\n\t\t\t<div class=\"elementor-widget-wrap elementor-element-populated\">\n\t\t\t\t\t<div class=\"elementor-background-overlay\"><\/div>\n\t\t\t\t\t\t<div class=\"elementor-element elementor-element-cd293d9 elementor-widget elementor-widget-heading\" data-id=\"cd293d9\" data-element_type=\"widget\" data-e-type=\"widget\" data-widget_type=\"heading.default\">\n\t\t\t\t<div class=\"elementor-widget-container\">\n\t\t\t\t\t<h2 class=\"elementor-heading-title elementor-size-default\">MANSFIELD, TEXAS<\/h2>\t\t\t\t<\/div>\n\t\t\t\t<\/div>\n\t\t\t\t<div class=\"elementor-element elementor-element-812eaf5 elementor-widget elementor-widget-heading\" data-id=\"812eaf5\" data-element_type=\"widget\" data-e-type=\"widget\" data-widget_type=\"heading.default\">\n\t\t\t\t<div class=\"elementor-widget-container\">\n\t\t\t\t\t<h2 class=\"elementor-heading-title elementor-size-default\">15-18 DE JUNIO, 2026<\/h2>\t\t\t\t<\/div>\n\t\t\t\t<\/div>\n\t\t\t\t<div class=\"elementor-element elementor-element-cb80c90 elementor-align-center elementor-widget elementor-widget-button\" data-id=\"cb80c90\" data-element_type=\"widget\" data-e-type=\"widget\" data-widget_type=\"button.default\">\n\t\t\t\t<div class=\"elementor-widget-container\">\n\t\t\t\t\t\t\t\t\t<div class=\"elementor-button-wrapper\">\n\t\t\t\t\t<a class=\"elementor-button elementor-button-link elementor-size-sm\" href=\"https:\/\/cumbrealtafutbolcamp.com\/es\/camps\/mansfield-texas\/\" id=\"more-info\">\n\t\t\t\t\t\t<span class=\"elementor-button-content-wrapper\">\n\t\t\t\t\t\t\t\t\t<span class=\"elementor-button-text\">Aprende M\u00e1s<\/span>\n\t\t\t\t\t<\/span>\n\t\t\t\t\t<\/a>\n\t\t\t\t<\/div>\n\t\t\t\t\t\t\t\t<\/div>\n\t\t\t\t<\/div>\n\t\t\t\t\t<\/div>\n\t\t<\/div>\n\t\t\t\t\t<\/div>\n\t\t<\/section>\n\t\t\t\t<\/div>","protected":false},"excerpt":{"rendered":"<p>CAMPS Casa Deportiva Cumbre Alta, an Ecuadorian professional soccer club, is hosting youth soccer camps across the United States. Come and join us for a fun-filled week of soccer where you get to improve your game, play alongside professionals, and learn valuable leadership skills. Boys and girls are welcome! No previous experience necessary. Thank you [&hellip;]<\/p>\n","protected":false},"author":1,"featured_media":973,"parent":0,"menu_order":0,"comment_status":"closed","ping_status":"closed","template":"elementor_header_footer","meta":{"nf_dc_page":"","om_disable_all_campaigns":false,"_monsterinsights_skip_tracking":false,"_monsterinsights_sitenote_active":false,"_monsterinsights_sitenote_note":"","_monsterinsights_sitenote_category":0,"footnotes":""},"class_list":["post-65","page","type-page","status-publish","has-post-thumbnail","hentry"],"yoast_head":"<!-- This site is optimized with the Yoast SEO plugin v27.4 - https:\/\/yoast.com\/product\/yoast-seo-wordpress\/ -->\n<title>Camps | Cumbre Alta Futbol Camp<\/title>\n<meta name=\"description\" content=\"Through soccer, our goal is to engage the Latin American population across the United States and connect them with the broader community to impact players and the community beyond the game.\" \/>\n<meta name=\"robots\" content=\"index, follow, max-snippet:-1, max-image-preview:large, max-video-preview:-1\" \/>\n<link rel=\"canonical\" href=\"https:\/\/cumbrealtafutbolcamp.com\/es\/camps\/\" \/>\n<meta property=\"og:locale\" content=\"es_ES\" \/>\n<meta property=\"og:type\" content=\"article\" \/>\n<meta property=\"og:title\" content=\"Camps | Cumbre Alta Futbol Camp\" \/>\n<meta property=\"og:description\" content=\"Through soccer, our goal is to engage the Latin American population across the United States and connect them with the broader community to impact players and the community beyond the game.\" \/>\n<meta property=\"og:url\" content=\"https:\/\/cumbrealtafutbolcamp.com\/es\/camps\/\" \/>\n<meta property=\"og:site_name\" content=\"Cumbre Alta Futbol Camp\" \/>\n<meta property=\"article:publisher\" content=\"https:\/\/www.facebook.com\/cdcumbrealta\/\" \/>\n<meta property=\"article:modified_time\" content=\"2026-04-13T15:55:24+00:00\" \/>\n<meta property=\"og:image\" content=\"https:\/\/cumbrealtafutbolcamp.com\/wp-content\/uploads\/2024\/03\/cumbre-alta-futbol-camp-10.jpg\" \/>\n\t<meta property=\"og:image:width\" content=\"1200\" \/>\n\t<meta property=\"og:image:height\" content=\"800\" \/>\n\t<meta property=\"og:image:type\" content=\"image\/jpeg\" \/>\n<meta name=\"twitter:card\" content=\"summary_large_image\" \/>\n<meta name=\"twitter:site\" content=\"@cdcumbrealta\" \/>\n<meta name=\"twitter:label1\" content=\"Tiempo de lectura\" \/>\n\t<meta name=\"twitter:data1\" content=\"1 minuto\" \/>\n<script type=\"application\/ld+json\" class=\"yoast-schema-graph\">{\"@context\":\"https:\\\/\\\/schema.org\",\"@graph\":[{\"@type\":\"WebPage\",\"@id\":\"https:\\\/\\\/cumbrealtafutbolcamp.com\\\/camps\\\/\",\"url\":\"https:\\\/\\\/cumbrealtafutbolcamp.com\\\/camps\\\/\",\"name\":\"Camps | Cumbre Alta Futbol Camp\",\"isPartOf\":{\"@id\":\"https:\\\/\\\/cumbrealtafutbolcamp.com\\\/#website\"},\"primaryImageOfPage\":{\"@id\":\"https:\\\/\\\/cumbrealtafutbolcamp.com\\\/camps\\\/#primaryimage\"},\"image\":{\"@id\":\"https:\\\/\\\/cumbrealtafutbolcamp.com\\\/camps\\\/#primaryimage\"},\"thumbnailUrl\":\"https:\\\/\\\/cumbrealtafutbolcamp.com\\\/wp-content\\\/uploads\\\/2024\\\/03\\\/cumbre-alta-futbol-camp-10.jpg\",\"datePublished\":\"2023-02-28T18:40:38+00:00\",\"dateModified\":\"2026-04-13T15:55:24+00:00\",\"description\":\"Through soccer, our goal is to engage the Latin American population across the United States and connect them with the broader community to impact players and the community beyond the game.\",\"breadcrumb\":{\"@id\":\"https:\\\/\\\/cumbrealtafutbolcamp.com\\\/camps\\\/#breadcrumb\"},\"inLanguage\":\"es\",\"potentialAction\":[{\"@type\":\"ReadAction\",\"target\":[\"https:\\\/\\\/cumbrealtafutbolcamp.com\\\/camps\\\/\"]}]},{\"@type\":\"ImageObject\",\"inLanguage\":\"es\",\"@id\":\"https:\\\/\\\/cumbrealtafutbolcamp.com\\\/camps\\\/#primaryimage\",\"url\":\"https:\\\/\\\/cumbrealtafutbolcamp.com\\\/wp-content\\\/uploads\\\/2024\\\/03\\\/cumbre-alta-futbol-camp-10.jpg\",\"contentUrl\":\"https:\\\/\\\/cumbrealtafutbolcamp.com\\\/wp-content\\\/uploads\\\/2024\\\/03\\\/cumbre-alta-futbol-camp-10.jpg\",\"width\":1200,\"height\":800},{\"@type\":\"BreadcrumbList\",\"@id\":\"https:\\\/\\\/cumbrealtafutbolcamp.com\\\/camps\\\/#breadcrumb\",\"itemListElement\":[{\"@type\":\"ListItem\",\"position\":1,\"name\":\"Home\",\"item\":\"https:\\\/\\\/cumbrealtafutbolcamp.com\\\/\"},{\"@type\":\"ListItem\",\"position\":2,\"name\":\"Camps\"}]},{\"@type\":\"WebSite\",\"@id\":\"https:\\\/\\\/cumbrealtafutbolcamp.com\\\/#website\",\"url\":\"https:\\\/\\\/cumbrealtafutbolcamp.com\\\/\",\"name\":\"Cumbre Alta Futbol Camp\",\"description\":\"Come and join us for a fun filled week of soccer where you get to improve your game and play alongside professionals. Boys and girls are welcome! No previous experience necessary.\",\"publisher\":{\"@id\":\"https:\\\/\\\/cumbrealtafutbolcamp.com\\\/#organization\"},\"potentialAction\":[{\"@type\":\"SearchAction\",\"target\":{\"@type\":\"EntryPoint\",\"urlTemplate\":\"https:\\\/\\\/cumbrealtafutbolcamp.com\\\/?s={search_term_string}\"},\"query-input\":{\"@type\":\"PropertyValueSpecification\",\"valueRequired\":true,\"valueName\":\"search_term_string\"}}],\"inLanguage\":\"es\"},{\"@type\":\"Organization\",\"@id\":\"https:\\\/\\\/cumbrealtafutbolcamp.com\\\/#organization\",\"name\":\"Cumbre Alta\",\"url\":\"https:\\\/\\\/cumbrealtafutbolcamp.com\\\/\",\"logo\":{\"@type\":\"ImageObject\",\"inLanguage\":\"es\",\"@id\":\"https:\\\/\\\/cumbrealtafutbolcamp.com\\\/#\\\/schema\\\/logo\\\/image\\\/\",\"url\":\"https:\\\/\\\/cumbrealtafutbolcamp.com\\\/wp-content\\\/uploads\\\/2023\\\/02\\\/CDCA-Icon.png\",\"contentUrl\":\"https:\\\/\\\/cumbrealtafutbolcamp.com\\\/wp-content\\\/uploads\\\/2023\\\/02\\\/CDCA-Icon.png\",\"width\":817,\"height\":817,\"caption\":\"Cumbre Alta\"},\"image\":{\"@id\":\"https:\\\/\\\/cumbrealtafutbolcamp.com\\\/#\\\/schema\\\/logo\\\/image\\\/\"},\"sameAs\":[\"https:\\\/\\\/www.facebook.com\\\/cdcumbrealta\\\/\",\"https:\\\/\\\/x.com\\\/cdcumbrealta\"]}]}<\/script>\n<!-- \/ Yoast SEO plugin. -->","yoast_head_json":{"title":"Camps | Cumbre Alta Futbol Camp","description":"A trav\u00e9s del f\u00fatbol, nuestro objetivo es involucrar a la poblaci\u00f3n latinoamericana en los Estados Unidos y conectarlos con la comunidad en general para impactar a los jugadores y la comunidad m\u00e1s all\u00e1 del juego.","robots":{"index":"index","follow":"follow","max-snippet":"max-snippet:-1","max-image-preview":"max-image-preview:large","max-video-preview":"max-video-preview:-1"},"canonical":"https:\/\/cumbrealtafutbolcamp.com\/es\/camps\/","og_locale":"es_ES","og_type":"article","og_title":"Camps | Cumbre Alta Futbol Camp","og_description":"Through soccer, our goal is to engage the Latin American population across the United States and connect them with the broader community to impact players and the community beyond the game.","og_url":"https:\/\/cumbrealtafutbolcamp.com\/es\/camps\/","og_site_name":"Cumbre Alta Futbol Camp","article_publisher":"https:\/\/www.facebook.com\/cdcumbrealta\/","article_modified_time":"2026-04-13T15:55:24+00:00","og_image":[{"width":1200,"height":800,"url":"https:\/\/cumbrealtafutbolcamp.com\/wp-content\/uploads\/2024\/03\/cumbre-alta-futbol-camp-10.jpg","type":"image\/jpeg"}],"twitter_card":"summary_large_image","twitter_site":"@cdcumbrealta","twitter_misc":{"Tiempo de lectura":"1 minuto"},"schema":{"@context":"https:\/\/schema.org","@graph":[{"@type":"WebPage","@id":"https:\/\/cumbrealtafutbolcamp.com\/camps\/","url":"https:\/\/cumbrealtafutbolcamp.com\/camps\/","name":"Camps | Cumbre Alta Futbol Camp","isPartOf":{"@id":"https:\/\/cumbrealtafutbolcamp.com\/#website"},"primaryImageOfPage":{"@id":"https:\/\/cumbrealtafutbolcamp.com\/camps\/#primaryimage"},"image":{"@id":"https:\/\/cumbrealtafutbolcamp.com\/camps\/#primaryimage"},"thumbnailUrl":"https:\/\/cumbrealtafutbolcamp.com\/wp-content\/uploads\/2024\/03\/cumbre-alta-futbol-camp-10.jpg","datePublished":"2023-02-28T18:40:38+00:00","dateModified":"2026-04-13T15:55:24+00:00","description":"A trav\u00e9s del f\u00fatbol, nuestro objetivo es involucrar a la poblaci\u00f3n latinoamericana en los Estados Unidos y conectarlos con la comunidad en general para impactar a los jugadores y la comunidad m\u00e1s all\u00e1 del juego.","breadcrumb":{"@id":"https:\/\/cumbrealtafutbolcamp.com\/camps\/#breadcrumb"},"inLanguage":"es","potentialAction":[{"@type":"ReadAction","target":["https:\/\/cumbrealtafutbolcamp.com\/camps\/"]}]},{"@type":"ImageObject","inLanguage":"es","@id":"https:\/\/cumbrealtafutbolcamp.com\/camps\/#primaryimage","url":"https:\/\/cumbrealtafutbolcamp.com\/wp-content\/uploads\/2024\/03\/cumbre-alta-futbol-camp-10.jpg","contentUrl":"https:\/\/cumbrealtafutbolcamp.com\/wp-content\/uploads\/2024\/03\/cumbre-alta-futbol-camp-10.jpg","width":1200,"height":800},{"@type":"BreadcrumbList","@id":"https:\/\/cumbrealtafutbolcamp.com\/camps\/#breadcrumb","itemListElement":[{"@type":"ListItem","position":1,"name":"Home","item":"https:\/\/cumbrealtafutbolcamp.com\/"},{"@type":"ListItem","position":2,"name":"Camps"}]},{"@type":"WebSite","@id":"https:\/\/cumbrealtafutbolcamp.com\/#website","url":"https:\/\/cumbrealtafutbolcamp.com\/","name":"Cumbre Alta Futbol Camp","description":"Come and join us for a fun filled week of soccer where you get to improve your game and play alongside professionals. Boys and girls are welcome! No previous experience necessary.","publisher":{"@id":"https:\/\/cumbrealtafutbolcamp.com\/#organization"},"potentialAction":[{"@type":"SearchAction","target":{"@type":"EntryPoint","urlTemplate":"https:\/\/cumbrealtafutbolcamp.com\/?s={search_term_string}"},"query-input":{"@type":"PropertyValueSpecification","valueRequired":true,"valueName":"search_term_string"}}],"inLanguage":"es"},{"@type":"Organization","@id":"https:\/\/cumbrealtafutbolcamp.com\/#organization","name":"Cumbre Alta","url":"https:\/\/cumbrealtafutbolcamp.com\/","logo":{"@type":"ImageObject","inLanguage":"es","@id":"https:\/\/cumbrealtafutbolcamp.com\/#\/schema\/logo\/image\/","url":"https:\/\/cumbrealtafutbolcamp.com\/wp-content\/uploads\/2023\/02\/CDCA-Icon.png","contentUrl":"https:\/\/cumbrealtafutbolcamp.com\/wp-content\/uploads\/2023\/02\/CDCA-Icon.png","width":817,"height":817,"caption":"Cumbre Alta"},"image":{"@id":"https:\/\/cumbrealtafutbolcamp.com\/#\/schema\/logo\/image\/"},"sameAs":["https:\/\/www.facebook.com\/cdcumbrealta\/","https:\/\/x.com\/cdcumbrealta"]}]}},"_links":{"self":[{"href":"https:\/\/cumbrealtafutbolcamp.com\/es\/wp-json\/wp\/v2\/pages\/65","targetHints":{"allow":["GET"]}}],"collection":[{"href":"https:\/\/cumbrealtafutbolcamp.com\/es\/wp-json\/wp\/v2\/pages"}],"about":[{"href":"https:\/\/cumbrealtafutbolcamp.com\/es\/wp-json\/wp\/v2\/types\/page"}],"author":[{"embeddable":true,"href":"https:\/\/cumbrealtafutbolcamp.com\/es\/wp-json\/wp\/v2\/users\/1"}],"replies":[{"embeddable":true,"href":"https:\/\/cumbrealtafutbolcamp.com\/es\/wp-json\/wp\/v2\/comments?post=65"}],"version-history":[{"count":20,"href":"https:\/\/cumbrealtafutbolcamp.com\/es\/wp-json\/wp\/v2\/pages\/65\/revisions"}],"predecessor-version":[{"id":1349,"href":"https:\/\/cumbrealtafutbolcamp.com\/es\/wp-json\/wp\/v2\/pages\/65\/revisions\/1349"}],"wp:featuredmedia":[{"embeddable":true,"href":"https:\/\/cumbrealtafutbolcamp.com\/es\/wp-json\/wp\/v2\/media\/973"}],"wp:attachment":[{"href":"https:\/\/cumbrealtafutbolcamp.com\/es\/wp-json\/wp\/v2\/media?parent=65"}],"curies":[{"name":"wp","href":"https:\/\/api.w.org\/{rel}","templated":true}]}}